{"id":6632,"date":"2017-03-22T00:48:20","date_gmt":"2017-03-22T00:48:20","guid":{"rendered":"http:\/\/www.afascol.org\/?page_id=6632"},"modified":"2017-03-22T00:48:20","modified_gmt":"2017-03-22T00:48:20","slug":"formulario-de-solicitud-de-socio-de-honor","status":"publish","type":"page","link":"https:\/\/www.afascol.org\/index.php\/formulario-de-solicitud-de-socio-de-honor\/","title":{"rendered":"Formulario de solicitud de socio de Honor"},"content":{"rendered":"<p>[vc_row][vc_column][vc_custom_heading text=&#8221;PASO 1: ENVIAR SOLICITUD DE SOCIO&#8221; font_container=&#8221;tag:h2|text_align:left|color:%23dd0404&#8243;][vc_column_text]<strong>El primer paso<\/strong>: rellenar la siguiente solicitud con los datos necesarios para ser socio de honor de AFASCOL, y envianosla sin m\u00e1s que darle al bot\u00f3n &#8220;Enviar&#8221;. No te olvides de ning\u00fan dato!!![\/vc_column_text][vc_column_text]<div role=\"form\" class=\"wpcf7\" id=\"wpcf7-f6631-o1\" lang=\"es-ES\" dir=\"ltr\">\n<div class=\"screen-reader-response\"><p role=\"status\" aria-live=\"polite\" aria-atomic=\"true\"><\/p> <ul><\/ul><\/div>\n<form action=\"\/index.php\/wp-json\/wp\/v2\/pages\/6632#wpcf7-f6631-o1\" method=\"post\" class=\"wpcf7-form init\" novalidate=\"novalidate\" data-status=\"init\">\n<div style=\"display: none;\">\n<input type=\"hidden\" name=\"_wpcf7\" value=\"6631\" \/>\n<input type=\"hidden\" name=\"_wpcf7_version\" value=\"5.6\" \/>\n<input type=\"hidden\" name=\"_wpcf7_locale\" value=\"es_ES\" \/>\n<input type=\"hidden\" name=\"_wpcf7_unit_tag\" value=\"wpcf7-f6631-o1\" \/>\n<input type=\"hidden\" name=\"_wpcf7_container_post\" value=\"0\" \/>\n<input type=\"hidden\" name=\"_wpcf7_posted_data_hash\" value=\"\" \/>\n<input type=\"hidden\" name=\"_wpcf7_recaptcha_response\" value=\"\" \/>\n<\/div>\n<p>Nombre y Apellidos <span class=\"wpcf7-form-control-wrap\" data-name=\"nombreyapellidos\"><input type=\"text\" name=\"nombreyapellidos\" value=\"\" size=\"40\" class=\"wpcf7-form-control wpcf7-text wpcf7-validates-as-required\" aria-required=\"true\" aria-invalid=\"false\" \/><\/span><br\/><br \/>\nDNI o documento de identificaci\u00f3n: <span class=\"wpcf7-form-control-wrap\" data-name=\"dni\"><input type=\"text\" name=\"dni\" value=\"\" size=\"40\" class=\"wpcf7-form-control wpcf7-text wpcf7-validates-as-required\" aria-required=\"true\" aria-invalid=\"false\" \/><\/span><br\/><br \/>\nDomicilio (direcci\u00f3n completa) <span class=\"wpcf7-form-control-wrap\" data-name=\"direccion\"><input type=\"text\" name=\"direccion\" value=\"\" size=\"40\" class=\"wpcf7-form-control wpcf7-text\" aria-invalid=\"false\" \/><\/span><br\/><br \/>\nTel\u00e9fono fijo: <span class=\"wpcf7-form-control-wrap\" data-name=\"telefonofijo\"><input type=\"tel\" name=\"telefonofijo\" value=\"\" size=\"40\" class=\"wpcf7-form-control wpcf7-text wpcf7-tel wpcf7-validates-as-tel\" aria-invalid=\"false\" \/><\/span> <br\/><br \/>\nTel\u00e9fono m\u00f3vil: <span class=\"wpcf7-form-control-wrap\" data-name=\"telefonomovil\"><input type=\"tel\" name=\"telefonomovil\" value=\"\" size=\"40\" class=\"wpcf7-form-control wpcf7-text wpcf7-tel wpcf7-validates-as-required wpcf7-validates-as-tel\" aria-required=\"true\" aria-invalid=\"false\" \/><\/span> <br\/><br \/>\nCorreo electr\u00f3nico <span class=\"wpcf7-form-control-wrap\" data-name=\"correoElectronico\"><input type=\"email\" name=\"correoElectronico\" value=\"\" size=\"40\" class=\"wpcf7-form-control wpcf7-text wpcf7-email wpcf7-validates-as-required wpcf7-validates-as-email\" aria-required=\"true\" aria-invalid=\"false\" \/><\/span> <br\/><\/p>\n<p>SOLICITO, sea aceptada mi entrada como socio de Honor en la Asociaci\u00f3n de Familiares y Afectados por el S\u00edndrome de Stickler, SEDC y otras Colagenopat\u00edas Tipo II (AFASCOL), aceptando y respetando sus principios de actuaci\u00f3n regidos por los Estatutos, y a los cuales me sumo en lo que pueda apoyar, colaborar y participar.<\/p>\n<p>Por favor, cuentanos cual es tu raz\u00f3n para querer ser socio de Honor de Afascol y que nos proponer para ello: <span class=\"wpcf7-form-control-wrap\" data-name=\"Observaciones\"><textarea name=\"Observaciones\" cols=\"40\" rows=\"10\" class=\"wpcf7-form-control wpcf7-textarea wpcf7-validates-as-required\" aria-required=\"true\" aria-invalid=\"false\"><\/textarea><\/span><\/p>\n<p>En cumplimiento de la LOPD (Ley Org\u00e1nica de Protecci\u00f3n de Datos) se informa de que la Asociaci\u00f3n dispondr\u00e1 de un fichero con los siguientes datos: Nombre, apellidos y DNI del Socio, Direcci\u00f3n postal, tel\u00e9fono y correo electr\u00f3nico. Mediante escrito a la direcci\u00f3n de correo electr\u00f3nico de la Asociaci\u00f3n, se tendr\u00e1 el derecho de acceso, rectificaci\u00f3n, cancelaci\u00f3n y oposici\u00f3n. La Junta Directiva, resolver\u00e1 todas las dudas de los socios, respecto al registro de sus datos, e identificar\u00e1 al responsable de su custodia. Los datos de los Socios no ser\u00e1n cedidos a terceros, salvo autorizaci\u00f3n expresa y con indicaci\u00f3n del motivo.<br\/><br \/>\n\u00bfAcepta la LOPD? <span class=\"wpcf7-form-control-wrap\" data-name=\"aceptacionLOPD\"><span class=\"wpcf7-form-control wpcf7-acceptance\"><span class=\"wpcf7-list-item\"><input type=\"checkbox\" name=\"aceptacionLOPD\" value=\"1\" aria-invalid=\"false\" checked=\"checked\" \/><\/span><\/span><\/span><br\/><\/p>\n<p><input type=\"submit\" value=\"Enviar\" class=\"wpcf7-form-control has-spinner wpcf7-submit\" \/><\/p>\n<p style=\"display: none !important;\"><label>&#916;<textarea name=\"_wpcf7_ak_hp_textarea\" cols=\"45\" rows=\"8\" maxlength=\"100\"><\/textarea><\/label><input type=\"hidden\" id=\"ak_js_1\" name=\"_wpcf7_ak_js\" value=\"146\"\/><script>document.getElementById( \"ak_js_1\" ).setAttribute( \"value\", ( new Date() ).getTime() );<\/script><\/p><div class=\"wpcf7-response-output\" aria-hidden=\"true\"><\/div><\/form><\/div>[\/vc_column_text][\/vc_column][\/vc_row][vc_row][vc_column][vc_custom_heading text=&#8221;PASO 2: ESPERAR NUESTRA DECISION&#8221; font_container=&#8221;tag:h2|text_align:left|color:%23dd0404&#8243;][vc_column_text]<strong>El segundo paso<\/strong>: La Junta Directiva de Afascol estudiar\u00e1 tu solicitud, y te llamar\u00e1 y posiblemente concertar\u00e1 una entrevista contigo, en la que dialogaremos sobre lo que significa ser socio de honor en AFASCOL, que esperamos de t\u00ed, y que te ofrecemos.<\/p>\n<p>Seguramente, fruto de ello comenzar\u00e1 o continuar\u00e1 una colaboraci\u00f3n que va a ser muy gratificante para todos y que estar\u00e1 llena de esperanzas para todos.<\/p>\n<p>Much\u00edsimas gracias por ayudarnos a ser AFASCOL, y por ayudarnos a conseguir los sue\u00f1os de todos los afectados por las colagenopat\u00edas de Tipo II.[\/vc_column_text][\/vc_column][\/vc_row][vc_row][vc_column][\/vc_column][\/vc_row]<\/p>\n","protected":false},"excerpt":{"rendered":"<p>[vc_row][vc_column][vc_custom_heading text=&#8221;PASO 1: ENVIAR SOLICITUD DE SOCIO&#8221; font_container=&#8221;tag:h2|text_align:left|color:%23dd0404&#8243;][vc_column_text]El primer paso: rellenar la siguiente solicitud con los datos necesarios para ser socio de honor de AFASCOL, y envianosla sin m\u00e1s que darle al bot\u00f3n &#8220;Enviar&#8221;. No te olvides de ning\u00fan dato!!![\/vc_column_text][vc_column_text][\/vc_column_text][\/vc_column][\/vc_row][vc_row][vc_column][vc_custom_heading text=&#8221;PASO 2: ESPERAR NUESTRA DECISION&#8221; font_container=&#8221;tag:h2|text_align:left|color:%23dd0404&#8243;][vc_column_text]El segundo paso: La Junta Directiva de Afascol estudiar\u00e1 tu&hellip;&nbsp;<a href=\"https:\/\/www.afascol.org\/index.php\/formulario-de-solicitud-de-socio-de-honor\/\" class=\"\" rel=\"bookmark\">Leer m\u00e1s &raquo;<span class=\"screen-reader-text\">Formulario de solicitud de socio de Honor<\/span><\/a><\/p>\n","protected":false},"author":6,"featured_media":0,"parent":0,"menu_order":0,"comment_status":"closed","ping_status":"closed","template":"","meta":{"ngg_post_thumbnail":0,"spay_email":""},"yoast_head":"<!-- This site is optimized with the Yoast SEO plugin v19.2 - https:\/\/yoast.com\/wordpress\/plugins\/seo\/ -->\n<title>Formulario de solicitud de socio de Honor - AFASCOL<\/title>\n<meta name=\"robots\" content=\"index, follow, max-snippet:-1, max-image-preview:large, max-video-preview:-1\" \/>\n<link rel=\"canonical\" href=\"https:\/\/www.afascol.org\/index.php\/formulario-de-solicitud-de-socio-de-honor\/\" \/>\n<meta property=\"og:locale\" content=\"es_ES\" \/>\n<meta property=\"og:type\" content=\"article\" \/>\n<meta property=\"og:title\" content=\"Formulario de solicitud de socio de Honor - AFASCOL\" \/>\n<meta property=\"og:description\" content=\"[vc_row][vc_column][vc_custom_heading text=&#8221;PASO 1: ENVIAR SOLICITUD DE SOCIO&#8221; font_container=&#8221;tag:h2|text_align:left|color:%23dd0404&#8243;][vc_column_text]El primer paso: rellenar la siguiente solicitud con los datos necesarios para ser socio de honor de AFASCOL, y envianosla sin m\u00e1s que darle al bot\u00f3n &#8220;Enviar&#8221;. No te olvides de ning\u00fan dato!!![\/vc_column_text][vc_column_text][\/vc_column_text][\/vc_column][\/vc_row][vc_row][vc_column][vc_custom_heading text=&#8221;PASO 2: ESPERAR NUESTRA DECISION&#8221; font_container=&#8221;tag:h2|text_align:left|color:%23dd0404&#8243;][vc_column_text]El segundo paso: La Junta Directiva de Afascol estudiar\u00e1 tu&hellip;&nbsp;Leer m\u00e1s &raquo;Formulario de solicitud de socio de Honor\" \/>\n<meta property=\"og:url\" content=\"https:\/\/www.afascol.org\/index.php\/formulario-de-solicitud-de-socio-de-honor\/\" \/>\n<meta property=\"og:site_name\" content=\"AFASCOL\" \/>\n<meta name=\"author\" content=\"Marcos\" \/>\n<meta name=\"twitter:card\" content=\"summary\" \/>\n<meta name=\"twitter:label1\" content=\"Tiempo de lectura\" \/>\n\t<meta name=\"twitter:data1\" content=\"1 minuto\" \/>\n<script type=\"application\/ld+json\" class=\"yoast-schema-graph\">{\"@context\":\"https:\/\/schema.org\",\"@graph\":[{\"@type\":\"WebSite\",\"@id\":\"https:\/\/www.afascol.org\/#website\",\"url\":\"https:\/\/www.afascol.org\/\",\"name\":\"AFASCOL\",\"description\":\"Asociaci\u00f3n de Familiares y Afectados por el S\u00edndrome de Stickler, SEDC y otras Colagenopat\u00edas Tipo II (COL2A1)\",\"potentialAction\":[{\"@type\":\"SearchAction\",\"target\":{\"@type\":\"EntryPoint\",\"urlTemplate\":\"https:\/\/www.afascol.org\/?s={search_term_string}\"},\"query-input\":\"required name=search_term_string\"}],\"inLanguage\":\"es\"},{\"@type\":\"WebPage\",\"@id\":\"https:\/\/www.afascol.org\/index.php\/formulario-de-solicitud-de-socio-de-honor\/#webpage\",\"url\":\"https:\/\/www.afascol.org\/index.php\/formulario-de-solicitud-de-socio-de-honor\/\",\"name\":\"Formulario de solicitud de socio de Honor - AFASCOL\",\"isPartOf\":{\"@id\":\"https:\/\/www.afascol.org\/#website\"},\"datePublished\":\"2017-03-22T00:48:20+00:00\",\"dateModified\":\"2017-03-22T00:48:20+00:00\",\"breadcrumb\":{\"@id\":\"https:\/\/www.afascol.org\/index.php\/formulario-de-solicitud-de-socio-de-honor\/#breadcrumb\"},\"inLanguage\":\"es\",\"potentialAction\":[{\"@type\":\"ReadAction\",\"target\":[\"https:\/\/www.afascol.org\/index.php\/formulario-de-solicitud-de-socio-de-honor\/\"]}]},{\"@type\":\"BreadcrumbList\",\"@id\":\"https:\/\/www.afascol.org\/index.php\/formulario-de-solicitud-de-socio-de-honor\/#breadcrumb\",\"itemListElement\":[{\"@type\":\"ListItem\",\"position\":1,\"name\":\"Portada\",\"item\":\"https:\/\/www.afascol.org\/\"},{\"@type\":\"ListItem\",\"position\":2,\"name\":\"Formulario de solicitud de socio de Honor\"}]}]}<\/script>\n<!-- \/ Yoast SEO plugin. -->","yoast_head_json":{"title":"Formulario de solicitud de socio de Honor - AFASCOL","robots":{"index":"index","follow":"follow","max-snippet":"max-snippet:-1","max-image-preview":"max-image-preview:large","max-video-preview":"max-video-preview:-1"},"canonical":"https:\/\/www.afascol.org\/index.php\/formulario-de-solicitud-de-socio-de-honor\/","og_locale":"es_ES","og_type":"article","og_title":"Formulario de solicitud de socio de Honor - AFASCOL","og_description":"[vc_row][vc_column][vc_custom_heading text=&#8221;PASO 1: ENVIAR SOLICITUD DE SOCIO&#8221; font_container=&#8221;tag:h2|text_align:left|color:%23dd0404&#8243;][vc_column_text]El primer paso: rellenar la siguiente solicitud con los datos necesarios para ser socio de honor de AFASCOL, y envianosla sin m\u00e1s que darle al bot\u00f3n &#8220;Enviar&#8221;. No te olvides de ning\u00fan dato!!![\/vc_column_text][vc_column_text][\/vc_column_text][\/vc_column][\/vc_row][vc_row][vc_column][vc_custom_heading text=&#8221;PASO 2: ESPERAR NUESTRA DECISION&#8221; font_container=&#8221;tag:h2|text_align:left|color:%23dd0404&#8243;][vc_column_text]El segundo paso: La Junta Directiva de Afascol estudiar\u00e1 tu&hellip;&nbsp;Leer m\u00e1s &raquo;Formulario de solicitud de socio de Honor","og_url":"https:\/\/www.afascol.org\/index.php\/formulario-de-solicitud-de-socio-de-honor\/","og_site_name":"AFASCOL","author":"Marcos","twitter_card":"summary","twitter_misc":{"Tiempo de lectura":"1 minuto"},"schema":{"@context":"https:\/\/schema.org","@graph":[{"@type":"WebSite","@id":"https:\/\/www.afascol.org\/#website","url":"https:\/\/www.afascol.org\/","name":"AFASCOL","description":"Asociaci\u00f3n de Familiares y Afectados por el S\u00edndrome de Stickler, SEDC y otras Colagenopat\u00edas Tipo II (COL2A1)","potentialAction":[{"@type":"SearchAction","target":{"@type":"EntryPoint","urlTemplate":"https:\/\/www.afascol.org\/?s={search_term_string}"},"query-input":"required name=search_term_string"}],"inLanguage":"es"},{"@type":"WebPage","@id":"https:\/\/www.afascol.org\/index.php\/formulario-de-solicitud-de-socio-de-honor\/#webpage","url":"https:\/\/www.afascol.org\/index.php\/formulario-de-solicitud-de-socio-de-honor\/","name":"Formulario de solicitud de socio de Honor - AFASCOL","isPartOf":{"@id":"https:\/\/www.afascol.org\/#website"},"datePublished":"2017-03-22T00:48:20+00:00","dateModified":"2017-03-22T00:48:20+00:00","breadcrumb":{"@id":"https:\/\/www.afascol.org\/index.php\/formulario-de-solicitud-de-socio-de-honor\/#breadcrumb"},"inLanguage":"es","potentialAction":[{"@type":"ReadAction","target":["https:\/\/www.afascol.org\/index.php\/formulario-de-solicitud-de-socio-de-honor\/"]}]},{"@type":"BreadcrumbList","@id":"https:\/\/www.afascol.org\/index.php\/formulario-de-solicitud-de-socio-de-honor\/#breadcrumb","itemListElement":[{"@type":"ListItem","position":1,"name":"Portada","item":"https:\/\/www.afascol.org\/"},{"@type":"ListItem","position":2,"name":"Formulario de solicitud de socio de Honor"}]}]}},"jetpack_sharing_enabled":true,"jetpack_shortlink":"https:\/\/wp.me\/P7ASOv-1IY","jetpack-related-posts":[{"id":7188,"url":"https:\/\/www.afascol.org\/index.php\/formulario-de-solicitud-de-socio-colaborador-2\/","url_meta":{"origin":6632,"position":0},"title":"Formulario de solicitud de socio colaborador","date":"07\/02\/2020","format":false,"excerpt":"PASO 1: ENVIAR SOLICITUD DE SOCIO El primer paso: rellenar la siguiente solicitud con los datos necesarios para ser socio numerario con derecho a voto en las asambleas de la asociaci\u00f3n, y envianosla sin m\u00e1s que darle al bot\u00f3n \u00abEnviar\u00bb. No te olvides de ning\u00fan dato!!! Si por cualquier motivo\u2026","rel":"","context":"Entrada similar","img":{"alt_text":"","src":"","width":0,"height":0},"classes":[]},{"id":7192,"url":"https:\/\/www.afascol.org\/index.php\/formulario-de-solicitud-de-socio-numerario\/","url_meta":{"origin":6632,"position":1},"title":"Formulario de solicitud de socio numerario","date":"07\/02\/2020","format":false,"excerpt":"PASO 1: ENVIAR SOLICITUD DE SOCIO El primer paso: rellenar la siguiente solicitud con los datos necesarios para ser socio numerario con derecho a voto en las asambleas de la asociaci\u00f3n, y envianosla sin m\u00e1s que darle al bot\u00f3n \u00abEnviar\u00bb. No te olvides de ning\u00fan dato!!! Si por cualquier motivo\u2026","rel":"","context":"Entrada similar","img":{"alt_text":"","src":"","width":0,"height":0},"classes":[]},{"id":6555,"url":"https:\/\/www.afascol.org\/index.php\/formulario-de-solicitud-de-socio\/","url_meta":{"origin":6632,"position":2},"title":"Formulario de solicitud de socio numerario","date":"04\/03\/2017","format":false,"excerpt":"[vc_row][vc_column][vc_custom_heading text=\"PASO 1: ENVIAR SOLICITUD DE SOCIO\" font_container=\"tag:h2|text_align:left|color:%23dd0404\"][vc_column_text]El primer paso: rellenar la siguiente solicitud con los datos necesarios para ser socio numerario con derecho a voto en las asambleas de la asociaci\u00f3n, y envianosla sin m\u00e1s que darle al bot\u00f3n \"Enviar\". No te olvides de ning\u00fan dato!!![\/vc_column_text][vc_column_text] [\/vc_column_text][\/vc_column][\/vc_row][vc_row][vc_column][vc_custom_heading text=\"PASO 2:\u2026","rel":"","context":"Entrada similar","img":{"alt_text":"","src":"","width":0,"height":0},"classes":[]},{"id":6562,"url":"https:\/\/www.afascol.org\/index.php\/formulario-de-solicitud-de-socio-colaborador\/","url_meta":{"origin":6632,"position":3},"title":"Formulario de solicitud de socio colaborador","date":"05\/03\/2017","format":false,"excerpt":"[vc_row][vc_column][vc_custom_heading text=\"PASO 1: ENVIAR SOLICITUD DE SOCIO\" font_container=\"tag:h2|text_align:left|color:%23dd0404\"][vc_column_text]El primer paso: rellenar la siguiente solicitud con los datos necesarios para ser socio numerario con derecho a voto en las asambleas de la asociaci\u00f3n, y envianosla sin m\u00e1s que darle al bot\u00f3n \"Enviar\". No te olvides de ning\u00fan dato!!![\/vc_column_text][vc_column_text][\/vc_column_text][\/vc_column][\/vc_row][vc_row][vc_column][vc_custom_heading text=\"PASO 2: REALIZAR\u2026","rel":"","context":"Entrada similar","img":{"alt_text":"","src":"","width":0,"height":0},"classes":[]},{"id":6640,"url":"https:\/\/www.afascol.org\/index.php\/formulario-de-solicitud-de-voluntario-afascol\/","url_meta":{"origin":6632,"position":4},"title":"Formulario de Solicitud de Voluntario AFASCOL","date":"22\/03\/2017","format":false,"excerpt":"[vc_row][vc_column][vc_custom_heading text=\"PASO 1: ENVIAR SOLICITUD DE SOCIO\" font_container=\"tag:h2|text_align:left|color:%23dd0404\"][vc_column_text]El primer paso: rellenar la siguiente solicitud con los datos necesarios para ser voluntario de la asociaci\u00f3n, y envianosla sin m\u00e1s que darle al bot\u00f3n \"Enviar\". No te olvides de ning\u00fan dato!!![\/vc_column_text][vc_column_text][\/vc_column_text][\/vc_column][\/vc_row][vc_row][vc_column][vc_custom_heading text=\"PASO 2: TE CONTACTAMOS\" font_container=\"tag:h2|text_align:left|color:%23dd0404\"][vc_column_text]El segundopaso: Una vez que hayamos recibido\u2026","rel":"","context":"Entrada similar","img":{"alt_text":"","src":"","width":0,"height":0},"classes":[]},{"id":7577,"url":"https:\/\/www.afascol.org\/index.php\/comunicacion-iban-para-domiciliacion-cuota-socio-numerario\/","url_meta":{"origin":6632,"position":5},"title":"COMUNICACION IBAN PARA DOMICILIACION CUOTA SOCIO NUMERARIO","date":"29\/11\/2020","format":false,"excerpt":"Rellena el siguiente formulario para mandarnos los datos de tu cuenta bancaria y que podarmos realizar la domiciliaci\u00f3n bancaria de las cuotas de socio colaborador de AFASCOL","rel":"","context":"Entrada similar","img":{"alt_text":"","src":"","width":0,"height":0},"classes":[]}],"_links":{"self":[{"href":"https:\/\/www.afascol.org\/index.php\/wp-json\/wp\/v2\/pages\/6632"}],"collection":[{"href":"https:\/\/www.afascol.org\/index.php\/wp-json\/wp\/v2\/pages"}],"about":[{"href":"https:\/\/www.afascol.org\/index.php\/wp-json\/wp\/v2\/types\/page"}],"author":[{"embeddable":true,"href":"https:\/\/www.afascol.org\/index.php\/wp-json\/wp\/v2\/users\/6"}],"replies":[{"embeddable":true,"href":"https:\/\/www.afascol.org\/index.php\/wp-json\/wp\/v2\/comments?post=6632"}],"version-history":[{"count":2,"href":"https:\/\/www.afascol.org\/index.php\/wp-json\/wp\/v2\/pages\/6632\/revisions"}],"predecessor-version":[{"id":6635,"href":"https:\/\/www.afascol.org\/index.php\/wp-json\/wp\/v2\/pages\/6632\/revisions\/6635"}],"wp:attachment":[{"href":"https:\/\/www.afascol.org\/index.php\/wp-json\/wp\/v2\/media?parent=6632"}],"curies":[{"name":"wp","href":"https:\/\/api.w.org\/{rel}","templated":true}]}}