{"id":6348,"date":"2017-02-22T21:10:17","date_gmt":"2017-02-22T21:10:17","guid":{"rendered":"http:\/\/www.afascol.org\/?page_id=6348"},"modified":"2017-02-25T17:12:19","modified_gmt":"2017-02-25T17:12:19","slug":"afascol-en-las-redes-sociales","status":"publish","type":"page","link":"https:\/\/www.afascol.org\/index.php\/afascol-en-las-redes-sociales\/","title":{"rendered":"Afascol en las redes sociales twitter"},"content":{"rendered":"<p>[vc_row][vc_column][vc_tweetmeme type=&#8221;follow&#8221; follow_user=&#8221;afascol&#8221; show_followers_count=&#8221;true&#8221; large_button=&#8221;true&#8221;][\/vc_column][\/vc_row][vc_row][vc_column][vc_raw_html]JTNDYSUyMGNsYXNzJTNEJTIydHdpdHRlci10aW1lbGluZSUyMiUwQSUyMCUyMGhyZWYlM0QlMjJodHRwcyUzQSUyRiUyRnR3aXR0ZXIuY29tJTJGYWZhc2NvbCUyMiUzRSUwQVR3ZWV0cyUyMGRlJTIwJTQwYWZhc2NvbCUwQSUzQyUyRmElM0UlMEE=[\/vc_raw_html][\/vc_column][\/vc_row][vc_row][vc_column][vc_tweetmeme type=&#8221;follow&#8221; follow_user=&#8221;afascol&#8221; show_followers_count=&#8221;true&#8221; large_button=&#8221;true&#8221;][\/vc_column][\/vc_row]<\/p>\n","protected":false},"excerpt":{"rendered":"<p>[vc_row][vc_column][vc_tweetmeme type=&#8221;follow&#8221; follow_user=&#8221;afascol&#8221; show_followers_count=&#8221;true&#8221; large_button=&#8221;true&#8221;][\/vc_column][\/vc_row][vc_row][vc_column][vc_raw_html]JTNDYSUyMGNsYXNzJTNEJTIydHdpdHRlci10aW1lbGluZSUyMiUwQSUyMCUyMGhyZWYlM0QlMjJodHRwcyUzQSUyRiUyRnR3aXR0ZXIuY29tJTJGYWZhc2NvbCUyMiUzRSUwQVR3ZWV0cyUyMGRlJTIwJTQwYWZhc2NvbCUwQSUzQyUyRmElM0UlMEE=[\/vc_raw_html][\/vc_column][\/vc_row][vc_row][vc_column][vc_tweetmeme type=&#8221;follow&#8221; follow_user=&#8221;afascol&#8221; show_followers_count=&#8221;true&#8221; large_button=&#8221;true&#8221;][\/vc_column][\/vc_row]<\/p>\n","protected":false},"author":6,"featured_media":0,"parent":0,"menu_order":0,"comment_status":"closed","ping_status":"closed","template":"","meta":{"ngg_post_thumbnail":0,"spay_email":""},"yoast_head":"<!-- This site is optimized with the Yoast SEO plugin v19.2 - https:\/\/yoast.com\/wordpress\/plugins\/seo\/ -->\n<title>Afascol en las redes sociales twitter - AFASCOL<\/title>\n<meta name=\"robots\" content=\"index, follow, max-snippet:-1, max-image-preview:large, max-video-preview:-1\" \/>\n<link rel=\"canonical\" href=\"https:\/\/www.afascol.org\/index.php\/afascol-en-las-redes-sociales\/\" \/>\n<meta property=\"og:locale\" content=\"es_ES\" \/>\n<meta property=\"og:type\" content=\"article\" \/>\n<meta property=\"og:title\" content=\"Afascol en las redes sociales twitter - AFASCOL\" \/>\n<meta property=\"og:description\" content=\"[vc_row][vc_column][vc_tweetmeme type=&#8221;follow&#8221; follow_user=&#8221;afascol&#8221; show_followers_count=&#8221;true&#8221; large_button=&#8221;true&#8221;][\/vc_column][\/vc_row][vc_row][vc_column][vc_raw_html]JTNDYSUyMGNsYXNzJTNEJTIydHdpdHRlci10aW1lbGluZSUyMiUwQSUyMCUyMGhyZWYlM0QlMjJodHRwcyUzQSUyRiUyRnR3aXR0ZXIuY29tJTJGYWZhc2NvbCUyMiUzRSUwQVR3ZWV0cyUyMGRlJTIwJTQwYWZhc2NvbCUwQSUzQyUyRmElM0UlMEE=[\/vc_raw_html][\/vc_column][\/vc_row][vc_row][vc_column][vc_tweetmeme type=&#8221;follow&#8221; follow_user=&#8221;afascol&#8221; show_followers_count=&#8221;true&#8221; large_button=&#8221;true&#8221;][\/vc_column][\/vc_row]\" \/>\n<meta property=\"og:url\" content=\"https:\/\/www.afascol.org\/index.php\/afascol-en-las-redes-sociales\/\" \/>\n<meta property=\"og:site_name\" content=\"AFASCOL\" \/>\n<meta property=\"article:modified_time\" content=\"2017-02-25T17:12:19+00:00\" \/>\n<meta name=\"author\" content=\"Marcos\" \/>\n<meta name=\"twitter:card\" content=\"summary\" \/>\n<script type=\"application\/ld+json\" class=\"yoast-schema-graph\">{\"@context\":\"https:\/\/schema.org\",\"@graph\":[{\"@type\":\"WebSite\",\"@id\":\"https:\/\/www.afascol.org\/#website\",\"url\":\"https:\/\/www.afascol.org\/\",\"name\":\"AFASCOL\",\"description\":\"Asociaci\u00f3n de Familiares y Afectados por el S\u00edndrome de Stickler, SEDC y otras Colagenopat\u00edas Tipo II (COL2A1)\",\"potentialAction\":[{\"@type\":\"SearchAction\",\"target\":{\"@type\":\"EntryPoint\",\"urlTemplate\":\"https:\/\/www.afascol.org\/?s={search_term_string}\"},\"query-input\":\"required name=search_term_string\"}],\"inLanguage\":\"es\"},{\"@type\":\"WebPage\",\"@id\":\"https:\/\/www.afascol.org\/index.php\/afascol-en-las-redes-sociales\/#webpage\",\"url\":\"https:\/\/www.afascol.org\/index.php\/afascol-en-las-redes-sociales\/\",\"name\":\"Afascol en las redes sociales twitter - AFASCOL\",\"isPartOf\":{\"@id\":\"https:\/\/www.afascol.org\/#website\"},\"datePublished\":\"2017-02-22T21:10:17+00:00\",\"dateModified\":\"2017-02-25T17:12:19+00:00\",\"breadcrumb\":{\"@id\":\"https:\/\/www.afascol.org\/index.php\/afascol-en-las-redes-sociales\/#breadcrumb\"},\"inLanguage\":\"es\",\"potentialAction\":[{\"@type\":\"ReadAction\",\"target\":[\"https:\/\/www.afascol.org\/index.php\/afascol-en-las-redes-sociales\/\"]}]},{\"@type\":\"BreadcrumbList\",\"@id\":\"https:\/\/www.afascol.org\/index.php\/afascol-en-las-redes-sociales\/#breadcrumb\",\"itemListElement\":[{\"@type\":\"ListItem\",\"position\":1,\"name\":\"Portada\",\"item\":\"https:\/\/www.afascol.org\/\"},{\"@type\":\"ListItem\",\"position\":2,\"name\":\"Afascol en las redes sociales twitter\"}]}]}<\/script>\n<!-- \/ Yoast SEO plugin. -->","yoast_head_json":{"title":"Afascol en las redes sociales twitter - AFASCOL","robots":{"index":"index","follow":"follow","max-snippet":"max-snippet:-1","max-image-preview":"max-image-preview:large","max-video-preview":"max-video-preview:-1"},"canonical":"https:\/\/www.afascol.org\/index.php\/afascol-en-las-redes-sociales\/","og_locale":"es_ES","og_type":"article","og_title":"Afascol en las redes sociales twitter - AFASCOL","og_description":"[vc_row][vc_column][vc_tweetmeme type=&#8221;follow&#8221; follow_user=&#8221;afascol&#8221; show_followers_count=&#8221;true&#8221; large_button=&#8221;true&#8221;][\/vc_column][\/vc_row][vc_row][vc_column][vc_raw_html]JTNDYSUyMGNsYXNzJTNEJTIydHdpdHRlci10aW1lbGluZSUyMiUwQSUyMCUyMGhyZWYlM0QlMjJodHRwcyUzQSUyRiUyRnR3aXR0ZXIuY29tJTJGYWZhc2NvbCUyMiUzRSUwQVR3ZWV0cyUyMGRlJTIwJTQwYWZhc2NvbCUwQSUzQyUyRmElM0UlMEE=[\/vc_raw_html][\/vc_column][\/vc_row][vc_row][vc_column][vc_tweetmeme type=&#8221;follow&#8221; follow_user=&#8221;afascol&#8221; show_followers_count=&#8221;true&#8221; large_button=&#8221;true&#8221;][\/vc_column][\/vc_row]","og_url":"https:\/\/www.afascol.org\/index.php\/afascol-en-las-redes-sociales\/","og_site_name":"AFASCOL","article_modified_time":"2017-02-25T17:12:19+00:00","author":"Marcos","twitter_card":"summary","schema":{"@context":"https:\/\/schema.org","@graph":[{"@type":"WebSite","@id":"https:\/\/www.afascol.org\/#website","url":"https:\/\/www.afascol.org\/","name":"AFASCOL","description":"Asociaci\u00f3n de Familiares y Afectados por el S\u00edndrome de Stickler, SEDC y otras Colagenopat\u00edas Tipo II (COL2A1)","potentialAction":[{"@type":"SearchAction","target":{"@type":"EntryPoint","urlTemplate":"https:\/\/www.afascol.org\/?s={search_term_string}"},"query-input":"required name=search_term_string"}],"inLanguage":"es"},{"@type":"WebPage","@id":"https:\/\/www.afascol.org\/index.php\/afascol-en-las-redes-sociales\/#webpage","url":"https:\/\/www.afascol.org\/index.php\/afascol-en-las-redes-sociales\/","name":"Afascol en las redes sociales twitter - AFASCOL","isPartOf":{"@id":"https:\/\/www.afascol.org\/#website"},"datePublished":"2017-02-22T21:10:17+00:00","dateModified":"2017-02-25T17:12:19+00:00","breadcrumb":{"@id":"https:\/\/www.afascol.org\/index.php\/afascol-en-las-redes-sociales\/#breadcrumb"},"inLanguage":"es","potentialAction":[{"@type":"ReadAction","target":["https:\/\/www.afascol.org\/index.php\/afascol-en-las-redes-sociales\/"]}]},{"@type":"BreadcrumbList","@id":"https:\/\/www.afascol.org\/index.php\/afascol-en-las-redes-sociales\/#breadcrumb","itemListElement":[{"@type":"ListItem","position":1,"name":"Portada","item":"https:\/\/www.afascol.org\/"},{"@type":"ListItem","position":2,"name":"Afascol en las redes sociales twitter"}]}]}},"jetpack_sharing_enabled":true,"jetpack_shortlink":"https:\/\/wp.me\/P7ASOv-1Eo","jetpack-related-posts":[{"id":2304,"url":"https:\/\/www.afascol.org\/index.php\/sample-pages\/contact-us\/","url_meta":{"origin":6348,"position":0},"title":"Contact Us","date":"08\/08\/2013","format":false,"excerpt":"[vc_row bg_parallax=\"true\" inertia=\"0.3\" bg_image=\"2305\" bg_fill=\"cover\" padding=\"12.5% 0 20%\"][vc_column][vc_column_text] Contacta con AFASCOL [\/vc_column_text][\/vc_column][\/vc_row][vc_row el_position=\"last\"][vc_column width=\"2\/3\"][vc_text_separator title=\"Envianos un mensaje\" title_align=\"separator_align_left\"][vc_column_text el_position=\"last\"][\/vc_column_text][\/vc_column][vc_column width=\"1\/3\"][vc_text_separator title=\"Direcci\u00f3n y Tel\u00e9fonos\" title_align=\"separator_align_left\"][vc_raw_html]JTNDaDYlM0VEaXJlY2NpJUMzJUIzbiUzQyUyRmg2JTNFJTBBJTNDZGl2JTIwY2xhc3MlM0QlMjJ2Y2FyZCUyMiUzRSUwQSUzQ3AlMjBjbGFzcyUzRCUyMmFkciUyMiUzRSUwQSUzQ3NwYW4lMjBjbGFzcyUzRCUyMnN0cmVldC1hZGRyZXNzJTIyJTNFQ2FsbGUlMjBBbmElMjBkZSUyMEF1c3RyaWElMkMlMjAzNCUzQyUyRnNwYW4lM0UlMkMlMjAlMEElM0NzcGFuJTIwY2xhc3MlM0QlMjJyZWdpb24lMjIlM0VNYWRyaWQlM0MlMkZzcGFuJTNFJTJDJTIwJTBBJTNDc3BhbiUyMGNsYXNzJTNEJTIycG9zdGFsLWNvZGUlMjIlM0UyODA1MCUzQyUyRnNwYW4lM0UlM0NiciUzRSUwQSUzQ3NwYW4lMjBjbGFzcyUzRCUyMmNvdW50cnklMjIlM0VFc3BhJUMzJUIxYSUzQyUyRnNwYW4lM0UlM0NiciUzRSUwQTY2OTc5NDg2NyUyMCUyRiUyMDYzNzQ2OTc0NCUwQSUzQyUyRnAlM0UlMEElM0MlMkZkaXYlM0U=[\/vc_raw_html][vc_separator][\/vc_column][\/vc_row]","rel":"","context":"Entrada similar","img":{"alt_text":"","src":"","width":0,"height":0},"classes":[]},{"id":2020,"url":"https:\/\/www.afascol.org\/index.php\/features\/parallax\/","url_meta":{"origin":6348,"position":1},"title":"Parallax","date":"05\/08\/2013","format":false,"excerpt":"[vc_row bg_parallax=\"true\" inertia=\"0.2\" bg_fill=\"cover\" bg_image_repeat=\"cover\" css=\".vc_custom_1455659285676{padding-top: 18% !important;padding-right: 0px !important;padding-bottom: 18% !important;padding-left: 0px !important;background-image: url(http:\/\/www.afascol.org\/wp-content\/uploads\/2014\/03\/placeholder.png?id=6183) !important;}\"][vc_column width=\"1\/2\" el_class=\"no-margin\"][vc_raw_html]JTNDZGl2JTIwc3R5bGUlM0QlMjJwYWRkaW5nJTNBJTIwOCUyNSUyMDEwJTI1JTIwMTAlMjUlM0IlMjBiYWNrZ3JvdW5kJTNBJTIwcmdiYSUyODI1NSUyQzI1NSUyQzI1NSUyQy41JTI5JTNCdGV4dC1hbGlnbiUzQSUyMHJpZ2h0JTNCJTIyJTNFJTBBJTNDaDIlMjBzdHlsZSUzRCUyMmZvbnQtc2l6ZSUzQSUyMDY1cHglM0IlMjBtYXJnaW4lM0ElMjAwJTIwMCUzQiUyMGxpbmUtaGVpZ2h0JTNBJTIwNjVweCUzQiUyMC13ZWJraXQtdGV4dC1zdHJva2UlM0EwJTNCJTIyJTIwY2xhc3MlM0QlMjJjZW50ZXJlZC1waG9uZSUyMiUzRSUzQ2VtJTNFdmlzaW9uJTNDJTJGZW0lM0UlM0MlMkZoMiUzRSUwQSUzQ2gzJTIwY2xhc3MlM0QlMjJjZW50ZXJlZC1waG9uZSUyMiUzRSUzQ2klM0Vub3VuJTNDJTJGaSUzRSUzQyUyRmgzJTNFJTBBJTNDaDQlMjBzdHlsZSUzRCUyMmZvbnQtd2VpZ2h0JTNBJTIwNTAwJTNCJTIwbWFyZ2luJTNBJTIwMCUzQiUyMiUyMGNsYXNzJTNEJTIyY2VudGVyZWQtcGhvbmUlMjIlM0UxLiUyMHRoZSUyMGFjdCUyMG9mJTIwYW50aWNpcGF0aW5nJTIwdGhhdCUyMHdoaWNoJTIwd2lsbCUyMGNvbWUlMjB0byUyMGJlJTNDJTJGaDQlM0UlMEElM0NoNCUyMHN0eWxlJTNEJTIyZm9udC13ZWlnaHQlM0ElMjA1MDAlM0IlMjBtYXJnaW4lM0ElMjAwJTNCJTIyJTIwY2xhc3MlM0QlMjJjZW50ZXJlZC1waG9uZSUyMiUzRTIuJTIwYSUyMHZpdmlkJTJDJTIwaW1hZ2luYXRpdmUlMjBjb25jZXB0aW9uJTIwb3IlMjBhbnRpY2lwYXRpb24lM0MlMkZoNCUzRSUwQSUzQyUyRmRpdiUzRQ==[\/vc_raw_html][\/vc_column][vc_column width=\"1\/2\"][\/vc_column][\/vc_row][vc_row css=\".vc_custom_1455659291389{padding-top: 7% !important;padding-right: 0px !important;padding-bottom: 6% !important;padding-left: 0px !important;}\"][vc_column width=\"1\/3\"][icon_box title=\"Fully Responsive Design\" icon=\"fa-arrows\"]Lorem ipsum dolor sit amet. At vero eos et accusam et justo duo dolores et ea rebum. Stet\u2026","rel":"","context":"Entrada similar","img":{"alt_text":"","src":"","width":0,"height":0},"classes":[]},{"id":7048,"url":"https:\/\/www.afascol.org\/index.php\/afascol-en-youtube\/","url_meta":{"origin":6348,"position":2},"title":"Afascol en YouTube","date":"15\/03\/2018","format":false,"excerpt":"","rel":"","context":"Entrada similar","img":{"alt_text":"","src":"","width":0,"height":0},"classes":[]},{"id":6893,"url":"https:\/\/www.afascol.org\/index.php\/galerias-fotograficas-afascol\/","url_meta":{"origin":6348,"position":3},"title":"Galer\u00edas Fotogr\u00e1ficas AFASCOL","date":"30\/05\/2017","format":false,"excerpt":"Se presentan a continuaci\u00f3n las galerias fotogr\u00e1ficas de los diferentes eventos de AFASCOL Espero que os gusten mucho y las disfruteis.","rel":"","context":"Entrada similar","img":{"alt_text":"","src":"","width":0,"height":0},"classes":[]},{"id":6358,"url":"https:\/\/www.afascol.org\/index.php\/afascol-en-facebook\/","url_meta":{"origin":6348,"position":4},"title":"Afascol en facebook","date":"25\/02\/2017","format":false,"excerpt":"","rel":"","context":"Entrada similar","img":{"alt_text":"","src":"","width":0,"height":0},"classes":[]},{"id":7492,"url":"https:\/\/www.afascol.org\/index.php\/cuentas-afascol\/","url_meta":{"origin":6348,"position":5},"title":"Cuentas AFASCOL","date":"21\/02\/2020","format":false,"excerpt":"Se muestran las cuentas de la asociaci\u00f3nn, con los resultados de ejercicios pasados, presupuesto del a\u00f1o actual y evoluci\u00f3n del del mismo En AFASCOL nos gusta la transparencia total, por y para nuestros socios. Directorio de descargas AFASCOL A continuaci\u00f3n se muestran todos los documentos que te puedes descargar de\u2026","rel":"","context":"Entrada similar","img":{"alt_text":"","src":"","width":0,"height":0},"classes":[]}],"_links":{"self":[{"href":"https:\/\/www.afascol.org\/index.php\/wp-json\/wp\/v2\/pages\/6348"}],"collection":[{"href":"https:\/\/www.afascol.org\/index.php\/wp-json\/wp\/v2\/pages"}],"about":[{"href":"https:\/\/www.afascol.org\/index.php\/wp-json\/wp\/v2\/types\/page"}],"author":[{"embeddable":true,"href":"https:\/\/www.afascol.org\/index.php\/wp-json\/wp\/v2\/users\/6"}],"replies":[{"embeddable":true,"href":"https:\/\/www.afascol.org\/index.php\/wp-json\/wp\/v2\/comments?post=6348"}],"version-history":[{"count":4,"href":"https:\/\/www.afascol.org\/index.php\/wp-json\/wp\/v2\/pages\/6348\/revisions"}],"predecessor-version":[{"id":7133,"href":"https:\/\/www.afascol.org\/index.php\/wp-json\/wp\/v2\/pages\/6348\/revisions\/7133"}],"wp:attachment":[{"href":"https:\/\/www.afascol.org\/index.php\/wp-json\/wp\/v2\/media?parent=6348"}],"curies":[{"name":"wp","href":"https:\/\/api.w.org\/{rel}","templated":true}]}}