{"id":6324,"date":"2017-02-17T14:31:50","date_gmt":"2017-02-17T14:31:50","guid":{"rendered":"http:\/\/www.afascol.org\/?page_id=6324"},"modified":"2020-02-11T18:53:59","modified_gmt":"2020-02-11T18:53:59","slug":"asociacion","status":"publish","type":"page","link":"https:\/\/www.afascol.org\/index.php\/asociacion\/","title":{"rendered":"asociacion"},"content":{"rendered":"<h1><span style=\"color: #993366;\">CON\u00d3CENOS<\/span><\/h1>\n<h2><span style=\"color: #993366;\"><b>Nuestra historia\u2026<\/b><\/span><\/h2>\n<p>Con mucha ilusi\u00f3n y la \u00fanica motivaci\u00f3n de construir un presente y un futuro mejor para nuestros hijos y afectados por Colagenopat\u00edas Tipo II (mutaci\u00f3n del gen COL2A1), el d\u00eda 7 de Mayo de 2016, firmamos el Acta de Constituci\u00f3n e iniciamos camino como AFASCOL (Asociaci\u00f3n de Familiares y Afectados por el S\u00edndrome de Stickler, SEDC, y Otras Colagenopat\u00edas Tipo II).<\/p>\n<p>Eramos un grupo de afectados con Sindrome de Stickler Tipo I y en el camino conocimos a nuestro amigo Mael (<a id=\"LPlnk5361\" href=\"http:\/\/www.yotengosedc.org\" target=\"_blank\" rel=\"noopener noreferrer\">www.yotengosedc.org<\/a>), diagnosticado de Displasia Esp\u00f3ndilo Epifisaria Cong\u00e9nita (en ingl\u00e9s SEDC), y pensamos que una aproximaci\u00f3n a nivel del gen afectado es lo que tiene m\u00e1s sentido, dado que tenemos muchos s\u00edntomas en com\u00fan, pues nos une una mutaci\u00f3n en el mismo gen, el <strong>COL2A1<\/strong>, y pese a la baja prevalencia de estos s\u00edndromes sabemos que si nos unimos, podremos hacer mas, porque <strong>JUNTOS<\/strong> <strong>SUMAMOS<\/strong> <strong>MAS<\/strong>!.<\/p>\n<h2><span style=\"color: #993366;\"><b>Quienes somos\u2026<\/b><\/span><\/h2>\n<p>Somos un grupo de padres, familiares y afectados, que decidimos unirnos en 2016 para crear <b>AFASCOL<\/b> (<b>A<\/b>sociaci\u00f3n de <b>F<\/b>amiliares y <b>A<\/b>fectados por el S\u00edndrome de <b>S<\/b>tickler, <b>S<\/b>EDC y otras <b>COL<\/b>agenopat\u00edas Tipo II). Nuestro principal objetivo es hacer difusi\u00f3n para que las enfermedades raras derivadas de una mutaci\u00f3n del gen COL2A1 se conozcan, se agilice el diagn\u00f3stico, y apoyar a los familiares y afectados.<\/p>\n<p>Entendimos hace alg\u00fan tiempo que una mutaci\u00f3n del gen COL2A1 es una Colagenopat\u00eda Tipo II, independientemente de que esta sea diagnosticada como S\u00edndrome de Stickler Tipo I, SEDC o displasia espondiloepifisiaria congenita, u otros diagn\u00f3sticos, y entendimos que deb\u00edamos amparar en una Asociaci\u00f3n a todas las Colagenopat\u00edas Tipo II porque todas ellas, pese a sus diferentes nombre, tienen muchos aspectos cl\u00ednicos en com\u00fan y as\u00ed, a pesar de la baja prevalencia de dichos s\u00edndromes, podr\u00edamos apoyar a m\u00e1s afectados \u2026. porque<b> juntos sumamos m\u00e1s!!<\/b><\/p>\n<p>En este momento en la asociaci\u00f3n tenemos afectados diagnosticados por SEDC y Stickler, pero queremos incorporar a afectados de todas las colagenopat\u00edas tipo II, en la medida en la que podamos ayudarles.<\/p>\n<p>AFASCOL necesita mucha ayuda, porque somos un bebe que estamos empezando a caminar, y agradecemos cualquier muestra de ayuda, en \u00e1mbitos como la gesti\u00f3n administrativa, apoyo a nivel de difusi\u00f3n y redes sociales, donativos que nos permitan arrancar de manera s\u00f3lida.<\/p>\n<h2><span style=\"color: #993366;\"><b>Nuestros valores<\/b><\/span><\/h2>\n<p>Nuestros valores son el <b>trabajo en equipo<\/b>, que todo el mundo aporte y participe en la medida en que quiera y pueda, el <b>respeto<\/b>, la <b>transparencia<\/b>, y la <b>ilusi\u00f3n <\/b>y sobre todo las ganas de que <b>nuestros peque\u00f1os<\/b>, que no son raros, sino especiales, <b>tengan un futuro mejo<\/b>r<\/p>\n<p>Gracias por leernos y gracias anticipadas por la ayuda que seguro nos vas a brindar!!<\/p>\n<p>Te esperamos en <a href=\"mailto:contacto@afascol.org\" target=\"_blank\" rel=\"noopener noreferrer\">contacto@afascol.org<\/a>.<\/p>\n<h2><span style=\"color: #993366;\">ORGANOS DE GOBIERNO<\/span><\/h2>\n<p>AFASCOL, tal y como rigen los Estatutos, se articula a trav\u00e9s de los siguientes \u00f3rganos de gobierno:<\/p>\n<h3><span style=\"color: #993366;\">Asamblea General<\/span><\/h3>\n<p>La Asamblea General es el m\u00e1ximo \u00f3rgano de gobierno, participaci\u00f3n y representaci\u00f3n de AFASCOL, y est\u00e1 compuesto por todos sus socios.<\/p>\n<h3><span style=\"color: #993366;\">La Junta Directiva<\/span><\/h3>\n<p>La Junta Directiva es un \u00f3rgano colegiado que ejerce sus facultades por delegaci\u00f3n de la Asamblea General. Es el encargado de ejecutar los acuerdos de la Asamblea General, asumiendo la direcci\u00f3n y gobierno de AFASCOL y su representaci\u00f3n entre Asambleas. Su mandato es de tres a\u00f1os. En este momento los miembros de la Junta Directiva son<\/p>\n<p><strong>Marcos Costalago, Presidente<\/strong><\/p>\n<p><strong>Santiago Bueno, Tesorero<\/strong><\/p>\n<p><strong>Redenci\u00f3n Migens, Vicepresidenta<\/strong><\/p>\n<p><strong>Bego\u00f1a G\u00f3mez, Secretaria<\/strong><\/p>\n<h2><span style=\"color: #993366;\">ESTATUTOS<\/span><\/h2>\n<p>A continuaci\u00f3n se pueden descargar los estatutos de la asociaci\u00f3n, incluidos en la resoluci\u00f3n positiva del registro nacional de asociaciones de fecha 18 de Octubre de 2016 [vc_icon icon_fontawesome=&#8221;fa fa-cloud-download&#8221; background_style=&#8221;rounded-outline&#8221; link=&#8221;url:https%3A%2F%2Fwww.afascol.org%2Fwp-content%2Fuploads%2F2017%2F02%2FResolucion-RegNacAsoc-con-Estatutos-y-acta-2016.pdf|title:Resoluci%C3%B3n%20Registro%20Nacional%20de%20Asociaciones|&#8221;]<\/p>\n<h2><span style=\"color: #993366;\">TRIPTICO<\/span><\/h2>\n<p>[vc_column_text]Nuestro pimer proyecto ha sido realizar un tr\u00edptico para hacer difusi\u00f3n de las colagenopat\u00edas de tipo II. Os lo compartimos para que lo disfruteis y lo difundais.<\/p>\n<p>Nos ha encantado hacerlo y seguro que os encanta leerlo y contarlo a vuestros amigos<br \/>\nPodeis descargarlo a continuaci\u00f3n[\/vc_column_text][vc_icon icon_fontawesome=&#8221;fa fa-cloud-download&#8221; background_style=&#8221;rounded-outline&#8221; link=&#8221;url:http%3A%2F%2Fwww.afascol.org%2Fwp-content%2Fuploads%2F2017%2F02%2FTripticoAFACOL.pdf|title:Triptico%20Afascol|&#8221;][vc_single_image image=&#8221;6412&#8243; img_size=&#8221;large&#8221; add_caption=&#8221;yes&#8221; alignment=&#8221;center&#8221; style=&#8221;vc_box_shadow&#8221; onclick=&#8221;img_link_large&#8221; img_link_target=&#8221;_blank&#8221;][vc_single_image image=&#8221;6413&#8243; img_size=&#8221;large&#8221; add_caption=&#8221;yes&#8221; alignment=&#8221;center&#8221; style=&#8221;vc_box_shadow&#8221; onclick=&#8221;img_link_large&#8221; img_link_target=&#8221;_blank&#8221;]<\/p>\n","protected":false},"excerpt":{"rendered":"<p>CON\u00d3CENOS Nuestra historia\u2026 Con mucha ilusi\u00f3n y la \u00fanica motivaci\u00f3n de construir un presente y un futuro mejor para nuestros hijos y afectados por Colagenopat\u00edas Tipo II (mutaci\u00f3n del gen COL2A1), el d\u00eda 7 de Mayo de 2016, firmamos el Acta de Constituci\u00f3n e iniciamos camino como AFASCOL (Asociaci\u00f3n de Familiares y Afectados por el&hellip;&nbsp;<a href=\"https:\/\/www.afascol.org\/index.php\/asociacion\/\" class=\"\" rel=\"bookmark\">Leer m\u00e1s &raquo;<span class=\"screen-reader-text\">asociacion<\/span><\/a><\/p>\n","protected":false},"author":6,"featured_media":0,"parent":0,"menu_order":0,"comment_status":"closed","ping_status":"closed","template":"","meta":{"ngg_post_thumbnail":0,"spay_email":""},"yoast_head":"<!-- This site is optimized with the Yoast SEO plugin v19.2 - https:\/\/yoast.com\/wordpress\/plugins\/seo\/ -->\n<title>asociacion - AFASCOL<\/title>\n<meta name=\"robots\" content=\"index, follow, max-snippet:-1, max-image-preview:large, max-video-preview:-1\" \/>\n<link rel=\"canonical\" href=\"https:\/\/www.afascol.org\/index.php\/asociacion\/\" \/>\n<meta property=\"og:locale\" content=\"es_ES\" \/>\n<meta property=\"og:type\" content=\"article\" \/>\n<meta property=\"og:title\" content=\"asociacion - AFASCOL\" \/>\n<meta property=\"og:description\" content=\"CON\u00d3CENOS Nuestra historia\u2026 Con mucha ilusi\u00f3n y la \u00fanica motivaci\u00f3n de construir un presente y un futuro mejor para nuestros hijos y afectados por Colagenopat\u00edas Tipo II (mutaci\u00f3n del gen COL2A1), el d\u00eda 7 de Mayo de 2016, firmamos el Acta de Constituci\u00f3n e iniciamos camino como AFASCOL (Asociaci\u00f3n de Familiares y Afectados por el&hellip;&nbsp;Leer m\u00e1s &raquo;asociacion\" \/>\n<meta property=\"og:url\" content=\"https:\/\/www.afascol.org\/index.php\/asociacion\/\" \/>\n<meta property=\"og:site_name\" content=\"AFASCOL\" \/>\n<meta property=\"article:modified_time\" content=\"2020-02-11T18:53:59+00:00\" \/>\n<meta name=\"author\" content=\"Marcos\" \/>\n<meta name=\"twitter:card\" content=\"summary\" \/>\n<meta name=\"twitter:label1\" content=\"Tiempo de lectura\" \/>\n\t<meta name=\"twitter:data1\" content=\"4 minutos\" \/>\n<script type=\"application\/ld+json\" class=\"yoast-schema-graph\">{\"@context\":\"https:\/\/schema.org\",\"@graph\":[{\"@type\":\"WebSite\",\"@id\":\"https:\/\/www.afascol.org\/#website\",\"url\":\"https:\/\/www.afascol.org\/\",\"name\":\"AFASCOL\",\"description\":\"Asociaci\u00f3n de Familiares y Afectados por el S\u00edndrome de Stickler, SEDC y otras Colagenopat\u00edas Tipo II (COL2A1)\",\"potentialAction\":[{\"@type\":\"SearchAction\",\"target\":{\"@type\":\"EntryPoint\",\"urlTemplate\":\"https:\/\/www.afascol.org\/?s={search_term_string}\"},\"query-input\":\"required name=search_term_string\"}],\"inLanguage\":\"es\"},{\"@type\":\"WebPage\",\"@id\":\"https:\/\/www.afascol.org\/index.php\/asociacion\/#webpage\",\"url\":\"https:\/\/www.afascol.org\/index.php\/asociacion\/\",\"name\":\"asociacion - AFASCOL\",\"isPartOf\":{\"@id\":\"https:\/\/www.afascol.org\/#website\"},\"datePublished\":\"2017-02-17T14:31:50+00:00\",\"dateModified\":\"2020-02-11T18:53:59+00:00\",\"breadcrumb\":{\"@id\":\"https:\/\/www.afascol.org\/index.php\/asociacion\/#breadcrumb\"},\"inLanguage\":\"es\",\"potentialAction\":[{\"@type\":\"ReadAction\",\"target\":[\"https:\/\/www.afascol.org\/index.php\/asociacion\/\"]}]},{\"@type\":\"BreadcrumbList\",\"@id\":\"https:\/\/www.afascol.org\/index.php\/asociacion\/#breadcrumb\",\"itemListElement\":[{\"@type\":\"ListItem\",\"position\":1,\"name\":\"Portada\",\"item\":\"https:\/\/www.afascol.org\/\"},{\"@type\":\"ListItem\",\"position\":2,\"name\":\"asociacion\"}]}]}<\/script>\n<!-- \/ Yoast SEO plugin. -->","yoast_head_json":{"title":"asociacion - AFASCOL","robots":{"index":"index","follow":"follow","max-snippet":"max-snippet:-1","max-image-preview":"max-image-preview:large","max-video-preview":"max-video-preview:-1"},"canonical":"https:\/\/www.afascol.org\/index.php\/asociacion\/","og_locale":"es_ES","og_type":"article","og_title":"asociacion - AFASCOL","og_description":"CON\u00d3CENOS Nuestra historia\u2026 Con mucha ilusi\u00f3n y la \u00fanica motivaci\u00f3n de construir un presente y un futuro mejor para nuestros hijos y afectados por Colagenopat\u00edas Tipo II (mutaci\u00f3n del gen COL2A1), el d\u00eda 7 de Mayo de 2016, firmamos el Acta de Constituci\u00f3n e iniciamos camino como AFASCOL (Asociaci\u00f3n de Familiares y Afectados por el&hellip;&nbsp;Leer m\u00e1s &raquo;asociacion","og_url":"https:\/\/www.afascol.org\/index.php\/asociacion\/","og_site_name":"AFASCOL","article_modified_time":"2020-02-11T18:53:59+00:00","author":"Marcos","twitter_card":"summary","twitter_misc":{"Tiempo de lectura":"4 minutos"},"schema":{"@context":"https:\/\/schema.org","@graph":[{"@type":"WebSite","@id":"https:\/\/www.afascol.org\/#website","url":"https:\/\/www.afascol.org\/","name":"AFASCOL","description":"Asociaci\u00f3n de Familiares y Afectados por el S\u00edndrome de Stickler, SEDC y otras Colagenopat\u00edas Tipo II (COL2A1)","potentialAction":[{"@type":"SearchAction","target":{"@type":"EntryPoint","urlTemplate":"https:\/\/www.afascol.org\/?s={search_term_string}"},"query-input":"required name=search_term_string"}],"inLanguage":"es"},{"@type":"WebPage","@id":"https:\/\/www.afascol.org\/index.php\/asociacion\/#webpage","url":"https:\/\/www.afascol.org\/index.php\/asociacion\/","name":"asociacion - AFASCOL","isPartOf":{"@id":"https:\/\/www.afascol.org\/#website"},"datePublished":"2017-02-17T14:31:50+00:00","dateModified":"2020-02-11T18:53:59+00:00","breadcrumb":{"@id":"https:\/\/www.afascol.org\/index.php\/asociacion\/#breadcrumb"},"inLanguage":"es","potentialAction":[{"@type":"ReadAction","target":["https:\/\/www.afascol.org\/index.php\/asociacion\/"]}]},{"@type":"BreadcrumbList","@id":"https:\/\/www.afascol.org\/index.php\/asociacion\/#breadcrumb","itemListElement":[{"@type":"ListItem","position":1,"name":"Portada","item":"https:\/\/www.afascol.org\/"},{"@type":"ListItem","position":2,"name":"asociacion"}]}]}},"jetpack_sharing_enabled":true,"jetpack_shortlink":"https:\/\/wp.me\/P7ASOv-1E0","jetpack-related-posts":[{"id":6230,"url":"https:\/\/www.afascol.org\/","url_meta":{"origin":6324,"position":0},"title":"[vc_row][vc_column][vc_column_text] AFASCOL es la Asociaci\u00f3n\u2026","date":"15\/02\/2017","format":false,"excerpt":"[vc_row][vc_column][vc_column_text] AFASCOL es la Asociaci\u00f3n de Familiares y Afectados por el Sindrome de Stickler, SEDC (Displasia Espondiloepifisiaria cong\u00e9nita) y otras Colagenopat\u00edas Tipo II, derivadas de una mutaci\u00f3n en el gen COL2A1 [vc_images_carousel images=\"6280,6281,6282,6283,6284,6395,7625\" img_size=\"full\" onclick=\"custom_link\" autoplay=\"yes\" wrap=\"yes\" custom_links=\"index.php\/asociacion\/,index.php\/colagenopatias-tipo-ii\/sedc\/,index.php\/colagenopatias-tipo-ii\/stickler\/,index.php\/colagenopatias-tipo-ii\/gencol2a1\/,index.php\/asociacion\/,index.php\/ayuda-a-afascol\/,wp-content\/uploads\/2017\/02\/TripticoAFACOL.pdf\"] Se constituye en Mayo de 2016 con el prop\u00f3sito de dar a\u2026","rel":"","context":"Entrada similar","img":{"alt_text":"","src":"https:\/\/i0.wp.com\/www.afascol.org\/wp-content\/uploads\/2020\/02\/bannerPulsera.jpg?resize=350%2C200","width":350,"height":200},"classes":[]},{"id":10,"url":"https:\/\/www.afascol.org\/index.php\/colagenopatias-tipo-ii\/","url_meta":{"origin":6324,"position":1},"title":"Colagenopat\u00edas Tipo II","date":"31\/05\/2016","format":false,"excerpt":"COLAGENOPATIAS TIPO II Las mutaciones en el gen COL2A1 son responsables de una serie de anomal\u00edas conocidas como Colagenopat\u00edas Tipo II. El col\u00e1geno es el \u201ccemento del cuerpo\u201d y el col\u00e1geno de tipo II a\u00f1ade estructura y resistencia a los tejidos conectivos que soportan los m\u00fasculos, articulaciones, \u00f3rganos y la\u2026","rel":"","context":"Entrada similar","img":{"alt_text":"","src":"","width":0,"height":0},"classes":[]},{"id":7027,"url":"https:\/\/www.afascol.org\/index.php\/publicaciones-afascol\/","url_meta":{"origin":6324,"position":2},"title":"Publicaciones AFASCOL","date":"15\/03\/2018","format":false,"excerpt":"Os ense\u00f1amos a continuaci\u00f3n algunas publicaciones de nuestra asociaci\u00f3n. Son \"pildoras\" de informaci\u00f3n acerca de las colagenopat\u00edas de tipo II. Algunas de ellas m\u00e1s generales y otras de ellas m\u00e1s centradas en alguna de las patolog\u00edas concretas. Esperamos que os gusten y os sirvan para conocer m\u00e1s acerca de estas\u2026","rel":"","context":"Entrada similar","img":{"alt_text":"COL2A1-General","src":"https:\/\/i0.wp.com\/www.afascol.org\/wp-content\/uploads\/2018\/03\/COL2A1-General.png?resize=350%2C200","width":350,"height":200},"classes":[]},{"id":6510,"url":"https:\/\/www.afascol.org\/index.php\/recursos-interesantes\/","url_meta":{"origin":6324,"position":3},"title":"Recursos interesantes","date":"03\/03\/2017","format":false,"excerpt":"[vc_row][vc_column][vc_column_text]A continuaci\u00f3n pode\u00eds acceder a diferentes enlaces \u00fatiles para las personas con alg\u00fan tipo de colagenopat\u00eda de Tipo II Algunos de los recursos son p\u00e1ginas Web est\u00e1n m\u00e1s relacionados con SEDC propiamente como enfermedad, otros con Stickler, otros con el gen COL2A1 y las colagenopat\u00edas y otros m\u00e1s gen\u00e9ricos y\u2026","rel":"","context":"Entrada similar","img":{"alt_text":"","src":"","width":0,"height":0},"classes":[]},{"id":7322,"url":"https:\/\/www.afascol.org\/index.php\/enlacesafascol\/","url_meta":{"origin":6324,"position":4},"title":"ENLACES AFASCOL","date":"13\/02\/2020","format":false,"excerpt":"RECURSOS INTERESANTES A continuaci\u00f3n pode\u00eds acceder a diferentes enlaces \u00fatiles para las personas con alg\u00fan tipo de colagenopat\u00eda de Tipo II Algunos de los recursos son p\u00e1ginas Web est\u00e1n m\u00e1s relacionados con SEDC propiamente como patolog\u00eda, otros con Stickler, otros con el gen COL2A1 y las colagenopat\u00edas y otros m\u00e1s\u2026","rel":"","context":"Entrada similar","img":{"alt_text":"","src":"","width":0,"height":0},"classes":[]},{"id":6315,"url":"https:\/\/www.afascol.org\/index.php\/colagenopatias-tipo-ii\/otrascolagenopatiastipoii\/","url_meta":{"origin":6324,"position":5},"title":"OtrasColagenopatiastipoII","date":"17\/02\/2017","format":false,"excerpt":"Otras Colagenopat\u00edas de Tipo II Son muchos los distintos fenotipos (s\u00edndromes, enfermedades,...) provocados por alg\u00fan tipo de mutaci\u00f3n en el gen COL2A1. Entre todos ellos hay caracter\u00edsticas en com\u00fan En funci\u00f3n de la posici\u00f3n en la que se localice la mutaci\u00f3n en el gen, puede dar lugar a uno u\u2026","rel":"","context":"Entrada similar","img":{"alt_text":"","src":"","width":0,"height":0},"classes":[]}],"_links":{"self":[{"href":"https:\/\/www.afascol.org\/index.php\/wp-json\/wp\/v2\/pages\/6324"}],"collection":[{"href":"https:\/\/www.afascol.org\/index.php\/wp-json\/wp\/v2\/pages"}],"about":[{"href":"https:\/\/www.afascol.org\/index.php\/wp-json\/wp\/v2\/types\/page"}],"author":[{"embeddable":true,"href":"https:\/\/www.afascol.org\/index.php\/wp-json\/wp\/v2\/users\/6"}],"replies":[{"embeddable":true,"href":"https:\/\/www.afascol.org\/index.php\/wp-json\/wp\/v2\/comments?post=6324"}],"version-history":[{"count":9,"href":"https:\/\/www.afascol.org\/index.php\/wp-json\/wp\/v2\/pages\/6324\/revisions"}],"predecessor-version":[{"id":7255,"href":"https:\/\/www.afascol.org\/index.php\/wp-json\/wp\/v2\/pages\/6324\/revisions\/7255"}],"wp:attachment":[{"href":"https:\/\/www.afascol.org\/index.php\/wp-json\/wp\/v2\/media?parent=6324"}],"curies":[{"name":"wp","href":"https:\/\/api.w.org\/{rel}","templated":true}]}}