{"id":30,"date":"2016-05-31T10:02:44","date_gmt":"2016-05-31T10:02:44","guid":{"rendered":"http:\/\/www.afascol.org\/?page_id=30"},"modified":"2020-02-10T00:24:06","modified_gmt":"2020-02-10T00:24:06","slug":"stickler","status":"publish","type":"page","link":"https:\/\/www.afascol.org\/index.php\/colagenopatias-tipo-ii\/stickler\/","title":{"rendered":"Sindrome de Stickler"},"content":{"rendered":"<p style=\"text-align: justify;\">El sindrome de Stickler, en sus diversas manifestaciones, puede ser provocado por mutaciones gen\u00e9ticas en varios genes de nuestro organismo. Uno de los genes que puede tener una mutaci\u00f3n que provoque Sindrome de Stickle es el gen COL2A1. Por ello, el sindrome de Stickler, siempre que sea provocado por una mutacion de este gen, se considera una colagenopat\u00eda de Tipo II. En esta secci\u00f3n podr\u00e1s aprender un poco m\u00e1s acerca de esta enfermedad, perteneciente a la categor\u00eda de &#8220;raras&#8221; pues su incidencia en la poblaci\u00f3n es muy baja.<\/p>\n<h2><span style=\"color: #561dab;\">DEFINICI\u00d3N<\/span><\/h2>\n<p>El s\u00edndrome de Stickler es una condici\u00f3n gen\u00e9tica progresiva, una arthro-oftalmopat\u00eda progresiva hereditaria (trastorno hereditario del tejido conectivo, degenerativo de car\u00e1cter progresivo), autos\u00f3mica dominante en la mayor\u00eda de los casos, por mutaci\u00f3n en uno de los 4 genes que controlan la s\u00edntesis de los col\u00e1genos 2, 9 y 11.<\/p>\n<p>Puede afectar a ambos sexos y normalmente de transmite de padres a hijos. Afecta al col\u00e1geno del cuerpo (tejido conectivo) que es la prote\u00edna m\u00e1s abundante en el cuerpo (1\/3 de toda la prote\u00edna est\u00e1 hecha con col\u00e1geno)<\/p>\n<p>El col\u00e1geno forma gran parte del tejido conectivo del cuerpo, y se puede describer como el tejido que soporta los \u00f3rganos del cuerpo. Algunos tejidos conectivos act\u00faan como un pegamento o como uni\u00f3n, otros act\u00faan como un andamio, y otros permiten la elasticidad que facilita los estiramiento y tensiones, especialmente en los m\u00fasculos. El col\u00e1geno es tambi\u00e9n una parte importante del cart\u00edlago que cubre las articulaciones en los extremos de los huesos. En el ojo se encuentra en la escler\u00f3tica , la c\u00f3rnea y el humor v\u00edtreo<\/p>\n<h2><span style=\"color: #561dab;\">CAUSA<\/span><\/h2>\n<p>Varios genes que controlan y dirigen la s\u00edntesis del col\u00e1geno pueden causar el s\u00edndrome de Sickler. El s\u00edndrome puede ser heredado u \u201cde novo\u201d.<\/p>\n<p>* COL2A1 (12q13.11-q13.2), este gen es el responsable de la mayor\u00eda de los casos (80-90%) diagnosticados y causa un Stickler \u201ccompleto\u201d (cursando con problemas osteo-articulares, problemas auditivos, oculares, y anormalidades en el paladar) habiendo sido clasificado como Stickler Tipo I. No todos los s\u00edntomas est\u00e1n presentes al nacimiento y se pueden manifestar posteriormente. Es de herencia Autos\u00f3mica Dominante<\/p>\n<p>* El COL11A1 (1p21) y el COL11A2 (6p21.3) tambi\u00e9n pueden causar el S\u00edndrome, si bien la frecuencia es mucho menor. El Stickler tipo 3, derivado del COL11A2 cursa sin signos oculares. Se ha descrito una forma autos\u00f3mica recesiva del s\u00edndrome de Stickler asociado a la mutaci\u00f3n del gen COL9A1.<\/p>\n<p>Gen Tipo Herencia Proporci\u00f3n casos Breve descripci\u00f3n<\/p>\n<p>COL2A1 Type I AD 80%-90% Afecta a ojos, oidos, apariencia facial, paladar, sistema musculo-esquel\u00e9tico); Mutaci\u00f3n en COL2A1 del cromosoma (12q13.11-q13.2). Suelen tener estatura normal y osteoartritis temprana. (Only a few non-glycine missense mutations have been reported and among these, the arginine to cysteine&nbsp;substitutions predominate and these mutations cause some unusual disorders which may be described as Stickler-like but have short stature and brachydactyly.)<\/p>\n<p>COL11A1 Type II AD 10%-20% Mutaci\u00f3n del gen COL11A1 gene en cromosoma 1p21. El s\u00edndrome de Marshall tiene el mismo gen mutado, pero en Stickler el fenotipo es m\u00e1s suave con disfomorfismo facial menos prominente. El aplanamiento del tercio medio facial es menos pronunciada y el puente nasal mejor desarrollado que en Marshall . La miop\u00eda y degeneraci\u00f3n de la retina no siempre est\u00e1n presentes . Las cataratas y p\u00e9rdida de la audici\u00f3n temprana es m\u00e1s com\u00fan que en el Tipo I.<\/p>\n<p>COL11A2 Type III AD Raro Afecta a articulaciones y audici\u00f3n sin afectar a los ojos. Mutaciones del gen COL11A2 en el cromosoma 6p21.3. Tambi\u00e9n se le conoce como displasia oto-espondilo-megaepifisaria heterocigota ( OSMED ).<\/p>\n<h2><span style=\"color: #561dab;\">S\u00cdNTOMAS<\/span><\/h2>\n<p>El s\u00edndrome de Stickler es una vitreoretinopat\u00eda heredada caracterizada por la asociaci\u00f3n de s\u00edntomas oculares con formas m\u00e1s o menos completas de secuencia de Pierre-Robin (consulte este t\u00e9rmino), afecciones \u00f3seas y sordera neurosensorial (10% de los casos). La incidencia al nacimiento se ha estimado alrededor de 1\/7.500. Las afecciones oculares pueden incluir catarata juvenil, miop\u00eda, estrabismo, degeneraci\u00f3n vitreoretinal o corioretinal, desprendimiento de retina, y uve\u00edtis cr\u00f3nica. Las anomal\u00edas \u00f3seas incluyen platispondilia media y ep\u00edfisis largas y con frecuencia anormales. La laxitud articular juvenil va acompa\u00f1ada por signos tempranos de artrosis. El s\u00edndrome generalmente parece trasmitirse de manera autos\u00f3mica dominante y es gen\u00e9ticamente heterog\u00e9nea.<\/p>\n<p>A continuaci\u00f3n algunos de los s\u00edntomas, si bien no necesariamente ocurren todos, o pueden ocurrir en edad m\u00e1s avanzada;<\/p>\n<ul>\n<li>O\u00eddos\n<ul>\n<li>Hipoacusia neurosensorial o conductiva<\/li>\n<li>O\u00eddo medio con cadena de huesecillos hiperm\u00f3vil<\/li>\n<\/ul>\n<\/li>\n<li>Ojos\n<ul>\n<li>Ojos prominentes<\/li>\n<li>Miop\u00eda<\/li>\n<li>Cataratas<\/li>\n<li>Estrabismo<\/li>\n<li>Degeneraci\u00f3n vitreoretinal o corioretinal<\/li>\n<li>Uve\u00edtis cr\u00f3nica<\/li>\n<li>Glaucoma<\/li>\n<li>Desprendimiento de retina<\/li>\n<li>Ceguera<\/li>\n<li>Retinopat\u00eda con pigmentaci\u00f3n paravascular reticular<\/li>\n<li>Atrofia coriorretiniana<\/li>\n<\/ul>\n<\/li>\n<li>Subdesarrollo mediofacial<\/li>\n<li>Hipoplasia facial media<\/li>\n<li>Puente nasal deprimido<\/li>\n<li>Mejillas planas<\/li>\n<li>Anteversi\u00f3n de las ventanas nasales,<\/li>\n<li>\u00davula b\u00edfida<\/li>\n<li>Paladar duro hendido<\/li>\n<li>Micrognatia<\/li>\n<li>Secuencia de Pierre-Robin<\/li>\n<li>M\u00fasculo esquel\u00e9tico y articular\n<ul>\n<li>Baja estatura; brazos y piernas largas y delgadas; ocasionalmente pie zambo<\/li>\n<li>Displasia espondiloepifisaria<\/li>\n<li>Deformidades columna; escoliosis, cifosis, lordosis<\/li>\n<li>Deformidades tor\u00e1cicas; pectus excavatum o carinatum<\/li>\n<li>Trastorno de la cadera de la infancia, osteo condrosis (Perthes), osteonecrosis<\/li>\n<li>Platispondilia media y ep\u00edfisis largas y con frecuencia anormales.<\/li>\n<li>Artrosis precoz, osteoartitis prematura, osteoporosis<\/li>\n<li>Aracnodactilia, dedos largos y delgados, tobillo valgo<\/li>\n<li>Hiperlaxitud articular juvenil acompa\u00f1ada por signos tempranos de artrosis<\/li>\n<li>Articulaciones anormalmente flexibles o laxas (hiperm\u00f3viles)<\/li>\n<li>Inflamaci\u00f3n articular, rigidez articular con la edad<\/li>\n<li>Hipoton\u00eda, dolor y cansancio cr\u00f3nico generalizado, con cuadros de febr\u00edcula<\/li>\n<\/ul>\n<\/li>\n<li>Coraz\u00f3n\n<ul>\n<li>Prolapso v\u00e1lvula mitral<\/li>\n<li>Soplos card\u00edacos<\/li>\n<\/ul>\n<\/li>\n<li>Otros\n<ul>\n<li>Dificultad en la cicatrizaci\u00f3n: queloides, repetidas infecciones, reacci\u00f3n inflamatoria exagerada, manifestaciones exacerbadas de histamina<\/li>\n<li>Fragilidad de u\u00f1as, pelo, piel sensible a los roces, facilidad de eccemas, hiperpigmentaci\u00f3n e hipopigmentaci\u00f3n cut\u00e1neas<\/li>\n<li>Hiperflexibilidad que termina con deformaciones de las articulaciones (especialmente distales), artritis y artrosis precoces, deformaci\u00f3n en la pisada (valgo),acortamiento<\/li>\n<\/ul>\n<\/li>\n<\/ul>\n<h2><span style=\"color: #561dab;\">DIAGN\u00d3STICO<\/span><\/h2>\n<p>El diagn\u00f3stico se hace en base al cuadro cl\u00ednico, si bien este debe ser confirmado por el an\u00e1lisis gen\u00e9tico molecular. El diagn\u00f3stico prenatal es posible en familias en las que la mutaci\u00f3n causante de la enfermedad ha sido identificada. Diagn\u00f3stico diferencial con otras enfermedades del col\u00e1geno con manifestaciones cl\u00ednicas similares (Marfan, Ehlers-Danlos, Reiter\u00b4s, Espondilitis anquilosante, Wagner, ..)<\/p>\n<h2><span style=\"color: #561dab;\">TRATAMIENTO<\/span><\/h2>\n<p>El tratamiento deber\u00eda ser multidisciplinar y como su expresi\u00f3n cl\u00ednica es muy variable, adaptado en cada caso. El pron\u00f3stico depende de la gravedad de los s\u00edntomas. El tratamiento es sintom\u00e1tico y muy frecuentemente es quir\u00fargico.<\/p>\n<p>&nbsp;<\/p>\n","protected":false},"excerpt":{"rendered":"<p>El sindrome de Stickler, en sus diversas manifestaciones, puede ser provocado por mutaciones gen\u00e9ticas en varios genes de nuestro organismo. Uno de los genes que puede tener una mutaci\u00f3n que provoque Sindrome de Stickle es el gen COL2A1. Por ello, el sindrome de Stickler, siempre que sea provocado por una mutacion de este gen, se&hellip;&nbsp;<a href=\"https:\/\/www.afascol.org\/index.php\/colagenopatias-tipo-ii\/stickler\/\" class=\"\" rel=\"bookmark\">Leer m\u00e1s &raquo;<span class=\"screen-reader-text\">Sindrome de Stickler<\/span><\/a><\/p>\n","protected":false},"author":6,"featured_media":0,"parent":10,"menu_order":2,"comment_status":"closed","ping_status":"closed","template":"","meta":{"ngg_post_thumbnail":0,"spay_email":""},"yoast_head":"<!-- This site is optimized with the Yoast SEO plugin v19.2 - https:\/\/yoast.com\/wordpress\/plugins\/seo\/ -->\n<title>Sindrome de Stickler - AFASCOL<\/title>\n<meta name=\"robots\" content=\"index, follow, max-snippet:-1, max-image-preview:large, max-video-preview:-1\" \/>\n<link rel=\"canonical\" href=\"https:\/\/www.afascol.org\/index.php\/colagenopatias-tipo-ii\/stickler\/\" \/>\n<meta property=\"og:locale\" content=\"es_ES\" \/>\n<meta property=\"og:type\" content=\"article\" \/>\n<meta property=\"og:title\" content=\"Sindrome de Stickler - AFASCOL\" \/>\n<meta property=\"og:description\" content=\"El sindrome de Stickler, en sus diversas manifestaciones, puede ser provocado por mutaciones gen\u00e9ticas en varios genes de nuestro organismo. Uno de los genes que puede tener una mutaci\u00f3n que provoque Sindrome de Stickle es el gen COL2A1. Por ello, el sindrome de Stickler, siempre que sea provocado por una mutacion de este gen, se&hellip;&nbsp;Leer m\u00e1s &raquo;Sindrome de Stickler\" \/>\n<meta property=\"og:url\" content=\"https:\/\/www.afascol.org\/index.php\/colagenopatias-tipo-ii\/stickler\/\" \/>\n<meta property=\"og:site_name\" content=\"AFASCOL\" \/>\n<meta property=\"article:modified_time\" content=\"2020-02-10T00:24:06+00:00\" \/>\n<meta name=\"author\" content=\"Marcos\" \/>\n<meta name=\"twitter:card\" content=\"summary\" \/>\n<meta name=\"twitter:label1\" content=\"Tiempo de lectura\" \/>\n\t<meta name=\"twitter:data1\" content=\"6 minutos\" \/>\n<script type=\"application\/ld+json\" class=\"yoast-schema-graph\">{\"@context\":\"https:\/\/schema.org\",\"@graph\":[{\"@type\":\"WebSite\",\"@id\":\"https:\/\/www.afascol.org\/#website\",\"url\":\"https:\/\/www.afascol.org\/\",\"name\":\"AFASCOL\",\"description\":\"Asociaci\u00f3n de Familiares y Afectados por el S\u00edndrome de Stickler, SEDC y otras Colagenopat\u00edas Tipo II (COL2A1)\",\"potentialAction\":[{\"@type\":\"SearchAction\",\"target\":{\"@type\":\"EntryPoint\",\"urlTemplate\":\"https:\/\/www.afascol.org\/?s={search_term_string}\"},\"query-input\":\"required name=search_term_string\"}],\"inLanguage\":\"es\"},{\"@type\":\"WebPage\",\"@id\":\"https:\/\/www.afascol.org\/index.php\/colagenopatias-tipo-ii\/stickler\/#webpage\",\"url\":\"https:\/\/www.afascol.org\/index.php\/colagenopatias-tipo-ii\/stickler\/\",\"name\":\"Sindrome de Stickler - AFASCOL\",\"isPartOf\":{\"@id\":\"https:\/\/www.afascol.org\/#website\"},\"datePublished\":\"2016-05-31T10:02:44+00:00\",\"dateModified\":\"2020-02-10T00:24:06+00:00\",\"breadcrumb\":{\"@id\":\"https:\/\/www.afascol.org\/index.php\/colagenopatias-tipo-ii\/stickler\/#breadcrumb\"},\"inLanguage\":\"es\",\"potentialAction\":[{\"@type\":\"ReadAction\",\"target\":[\"https:\/\/www.afascol.org\/index.php\/colagenopatias-tipo-ii\/stickler\/\"]}]},{\"@type\":\"BreadcrumbList\",\"@id\":\"https:\/\/www.afascol.org\/index.php\/colagenopatias-tipo-ii\/stickler\/#breadcrumb\",\"itemListElement\":[{\"@type\":\"ListItem\",\"position\":1,\"name\":\"Portada\",\"item\":\"https:\/\/www.afascol.org\/\"},{\"@type\":\"ListItem\",\"position\":2,\"name\":\"Colagenopat\u00edas Tipo II\",\"item\":\"https:\/\/www.afascol.org\/index.php\/colagenopatias-tipo-ii\/\"},{\"@type\":\"ListItem\",\"position\":3,\"name\":\"Sindrome de Stickler\"}]}]}<\/script>\n<!-- \/ Yoast SEO plugin. -->","yoast_head_json":{"title":"Sindrome de Stickler - AFASCOL","robots":{"index":"index","follow":"follow","max-snippet":"max-snippet:-1","max-image-preview":"max-image-preview:large","max-video-preview":"max-video-preview:-1"},"canonical":"https:\/\/www.afascol.org\/index.php\/colagenopatias-tipo-ii\/stickler\/","og_locale":"es_ES","og_type":"article","og_title":"Sindrome de Stickler - AFASCOL","og_description":"El sindrome de Stickler, en sus diversas manifestaciones, puede ser provocado por mutaciones gen\u00e9ticas en varios genes de nuestro organismo. Uno de los genes que puede tener una mutaci\u00f3n que provoque Sindrome de Stickle es el gen COL2A1. Por ello, el sindrome de Stickler, siempre que sea provocado por una mutacion de este gen, se&hellip;&nbsp;Leer m\u00e1s &raquo;Sindrome de Stickler","og_url":"https:\/\/www.afascol.org\/index.php\/colagenopatias-tipo-ii\/stickler\/","og_site_name":"AFASCOL","article_modified_time":"2020-02-10T00:24:06+00:00","author":"Marcos","twitter_card":"summary","twitter_misc":{"Tiempo de lectura":"6 minutos"},"schema":{"@context":"https:\/\/schema.org","@graph":[{"@type":"WebSite","@id":"https:\/\/www.afascol.org\/#website","url":"https:\/\/www.afascol.org\/","name":"AFASCOL","description":"Asociaci\u00f3n de Familiares y Afectados por el S\u00edndrome de Stickler, SEDC y otras Colagenopat\u00edas Tipo II (COL2A1)","potentialAction":[{"@type":"SearchAction","target":{"@type":"EntryPoint","urlTemplate":"https:\/\/www.afascol.org\/?s={search_term_string}"},"query-input":"required name=search_term_string"}],"inLanguage":"es"},{"@type":"WebPage","@id":"https:\/\/www.afascol.org\/index.php\/colagenopatias-tipo-ii\/stickler\/#webpage","url":"https:\/\/www.afascol.org\/index.php\/colagenopatias-tipo-ii\/stickler\/","name":"Sindrome de Stickler - AFASCOL","isPartOf":{"@id":"https:\/\/www.afascol.org\/#website"},"datePublished":"2016-05-31T10:02:44+00:00","dateModified":"2020-02-10T00:24:06+00:00","breadcrumb":{"@id":"https:\/\/www.afascol.org\/index.php\/colagenopatias-tipo-ii\/stickler\/#breadcrumb"},"inLanguage":"es","potentialAction":[{"@type":"ReadAction","target":["https:\/\/www.afascol.org\/index.php\/colagenopatias-tipo-ii\/stickler\/"]}]},{"@type":"BreadcrumbList","@id":"https:\/\/www.afascol.org\/index.php\/colagenopatias-tipo-ii\/stickler\/#breadcrumb","itemListElement":[{"@type":"ListItem","position":1,"name":"Portada","item":"https:\/\/www.afascol.org\/"},{"@type":"ListItem","position":2,"name":"Colagenopat\u00edas Tipo II","item":"https:\/\/www.afascol.org\/index.php\/colagenopatias-tipo-ii\/"},{"@type":"ListItem","position":3,"name":"Sindrome de Stickler"}]}]}},"jetpack_sharing_enabled":true,"jetpack_shortlink":"https:\/\/wp.me\/P7ASOv-u","jetpack-related-posts":[{"id":6324,"url":"https:\/\/www.afascol.org\/index.php\/asociacion\/","url_meta":{"origin":30,"position":0},"title":"asociacion","date":"17\/02\/2017","format":false,"excerpt":"CON\u00d3CENOS Nuestra historia\u2026 Con mucha ilusi\u00f3n y la \u00fanica motivaci\u00f3n de construir un presente y un futuro mejor para nuestros hijos y afectados por Colagenopat\u00edas Tipo II (mutaci\u00f3n del gen COL2A1), el d\u00eda 7 de Mayo de 2016, firmamos el Acta de Constituci\u00f3n e iniciamos camino como AFASCOL (Asociaci\u00f3n de\u2026","rel":"","context":"En \u00abBlogs\u00bb","img":{"alt_text":"","src":"","width":0,"height":0},"classes":[]},{"id":6230,"url":"https:\/\/www.afascol.org\/","url_meta":{"origin":30,"position":1},"title":"[vc_row][vc_column][vc_column_text] AFASCOL es la Asociaci\u00f3n\u2026","date":"15\/02\/2017","format":false,"excerpt":"[vc_row][vc_column][vc_column_text] AFASCOL es la Asociaci\u00f3n de Familiares y Afectados por el Sindrome de Stickler, SEDC (Displasia Espondiloepifisiaria cong\u00e9nita) y otras Colagenopat\u00edas Tipo II, derivadas de una mutaci\u00f3n en el gen COL2A1 [vc_images_carousel images=\"6280,6281,6282,6283,6284,6395,7625\" img_size=\"full\" onclick=\"custom_link\" autoplay=\"yes\" wrap=\"yes\" custom_links=\"index.php\/asociacion\/,index.php\/colagenopatias-tipo-ii\/sedc\/,index.php\/colagenopatias-tipo-ii\/stickler\/,index.php\/colagenopatias-tipo-ii\/gencol2a1\/,index.php\/asociacion\/,index.php\/ayuda-a-afascol\/,wp-content\/uploads\/2017\/02\/TripticoAFACOL.pdf\"] Se constituye en Mayo de 2016 con el prop\u00f3sito de dar a\u2026","rel":"","context":"Entrada similar","img":{"alt_text":"","src":"https:\/\/i0.wp.com\/www.afascol.org\/wp-content\/uploads\/2020\/02\/bannerPulsera.jpg?resize=350%2C200","width":350,"height":200},"classes":[]},{"id":6315,"url":"https:\/\/www.afascol.org\/index.php\/colagenopatias-tipo-ii\/otrascolagenopatiastipoii\/","url_meta":{"origin":30,"position":2},"title":"OtrasColagenopatiastipoII","date":"17\/02\/2017","format":false,"excerpt":"Otras Colagenopat\u00edas de Tipo II Son muchos los distintos fenotipos (s\u00edndromes, enfermedades,...) provocados por alg\u00fan tipo de mutaci\u00f3n en el gen COL2A1. Entre todos ellos hay caracter\u00edsticas en com\u00fan En funci\u00f3n de la posici\u00f3n en la que se localice la mutaci\u00f3n en el gen, puede dar lugar a uno u\u2026","rel":"","context":"Entrada similar","img":{"alt_text":"","src":"","width":0,"height":0},"classes":[]},{"id":14,"url":"https:\/\/www.afascol.org\/index.php\/testimonios\/","url_meta":{"origin":30,"position":3},"title":"Testimonios","date":"31\/05\/2016","format":false,"excerpt":"Conoce a Miriam y a Greta \u201cHoy Greta y yo nos hemos peleado\u201d http:\/\/www.enfermedades-raras.org\/index.php\/testimonios\/5364-hoy-greta-y-yo-no-nos-hemos-peleado Conoce a Beatriz y sus Tres Soles http:\/\/www.enfermedades-raras.org\/index.php\/testimonios\/5363-mis-tres-soles Entrevista en EFE Salud - http:\/\/www.efesalud.com\/noticias\/sindrome-stickler-el-enemigo-del-colageno\/ Entrevista en EFE Salud - http:\/\/www.efesalud.com\/noticias\/tres-historias-stickler-el-sindrome-da-la-cara\/ Radio Libertad - xxxxxxx","rel":"","context":"Entrada similar","img":{"alt_text":"","src":"","width":0,"height":0},"classes":[]},{"id":10,"url":"https:\/\/www.afascol.org\/index.php\/colagenopatias-tipo-ii\/","url_meta":{"origin":30,"position":4},"title":"Colagenopat\u00edas Tipo II","date":"31\/05\/2016","format":false,"excerpt":"COLAGENOPATIAS TIPO II Las mutaciones en el gen COL2A1 son responsables de una serie de anomal\u00edas conocidas como Colagenopat\u00edas Tipo II. El col\u00e1geno es el \u201ccemento del cuerpo\u201d y el col\u00e1geno de tipo II a\u00f1ade estructura y resistencia a los tejidos conectivos que soportan los m\u00fasculos, articulaciones, \u00f3rganos y la\u2026","rel":"","context":"Entrada similar","img":{"alt_text":"","src":"","width":0,"height":0},"classes":[]},{"id":7027,"url":"https:\/\/www.afascol.org\/index.php\/publicaciones-afascol\/","url_meta":{"origin":30,"position":5},"title":"Publicaciones AFASCOL","date":"15\/03\/2018","format":false,"excerpt":"Os ense\u00f1amos a continuaci\u00f3n algunas publicaciones de nuestra asociaci\u00f3n. Son \"pildoras\" de informaci\u00f3n acerca de las colagenopat\u00edas de tipo II. Algunas de ellas m\u00e1s generales y otras de ellas m\u00e1s centradas en alguna de las patolog\u00edas concretas. Esperamos que os gusten y os sirvan para conocer m\u00e1s acerca de estas\u2026","rel":"","context":"Entrada similar","img":{"alt_text":"COL2A1-General","src":"https:\/\/i0.wp.com\/www.afascol.org\/wp-content\/uploads\/2018\/03\/COL2A1-General.png?resize=350%2C200","width":350,"height":200},"classes":[]}],"_links":{"self":[{"href":"https:\/\/www.afascol.org\/index.php\/wp-json\/wp\/v2\/pages\/30"}],"collection":[{"href":"https:\/\/www.afascol.org\/index.php\/wp-json\/wp\/v2\/pages"}],"about":[{"href":"https:\/\/www.afascol.org\/index.php\/wp-json\/wp\/v2\/types\/page"}],"author":[{"embeddable":true,"href":"https:\/\/www.afascol.org\/index.php\/wp-json\/wp\/v2\/users\/6"}],"replies":[{"embeddable":true,"href":"https:\/\/www.afascol.org\/index.php\/wp-json\/wp\/v2\/comments?post=30"}],"version-history":[{"count":9,"href":"https:\/\/www.afascol.org\/index.php\/wp-json\/wp\/v2\/pages\/30\/revisions"}],"predecessor-version":[{"id":7238,"href":"https:\/\/www.afascol.org\/index.php\/wp-json\/wp\/v2\/pages\/30\/revisions\/7238"}],"up":[{"embeddable":true,"href":"https:\/\/www.afascol.org\/index.php\/wp-json\/wp\/v2\/pages\/10"}],"wp:attachment":[{"href":"https:\/\/www.afascol.org\/index.php\/wp-json\/wp\/v2\/media?parent=30"}],"curies":[{"name":"wp","href":"https:\/\/api.w.org\/{rel}","templated":true}]}}